{"id":3648,"date":"2021-01-22T16:08:33","date_gmt":"2021-01-22T16:08:33","guid":{"rendered":"https:\/\/www.larstristan.com\/aviso-legal\/"},"modified":"2022-05-06T10:20:13","modified_gmt":"2022-05-06T10:20:13","slug":"legal-notice","status":"publish","type":"page","link":"https:\/\/www.larstristan.com\/en\/legal-notice\/","title":{"rendered":"Legal notice"},"content":{"rendered":"\n<p>Este portal, cuyo titular es LARS TRISTAN, S.L., est\u00e1 constituido por los sitios web asociados a los dominios WWW.LARSTRISTAN.COM \/ WWW.TRISTAN-SERVICE.COM<\/p>\n\n\n\n<h3 class=\"wp-block-heading\"><strong>Propiedad intelectual e industrial&nbsp;<\/strong><\/h3>\n\n\n\n<p>El dise\u00f1o de esta web y sus c\u00f3digos fuente, as\u00ed como los logos, marcas y dem\u00e1s signos distintivos que aparecen en el mismo pertenecen a LARS TRISTAN, S.L. y est\u00e1n protegidos por los correspondientes derechos de propiedad intelectual e industrial.&nbsp; La utilizaci\u00f3n no autorizada de la informaci\u00f3n contenida en este Sitio, as\u00ed como los perjuicios ocasionados en los derechos de propiedad intelectual e industrial de LARS TRISTAN, S.L., pueden dar lugar al ejercicio de las acciones que legalmente correspondan y, si procede, a las responsabilidades que de dicho ejercicio se deriven.<\/p>\n\n\n\n<h3 class=\"wp-block-heading\"><strong>Responsabilidad de los contenidos&nbsp;<\/strong><\/h3>\n\n\n\n<p>LARS TRISTAN, S.L. no se hace responsable de la legalidad de otros sitios web de terceros desde los que pueda accederse a la web. LARS TRISTAN, S.L. tampoco responde por la legalidad de otros sitios web de terceros, que pudieran estar vinculados o enlazados desde esta web.&nbsp;<\/p>\n\n\n\n<p>LARS TRISTAN, S.L. se reserva el derecho a realizar cambios en el sitio web sin previo aviso, al objeto de mantener actualizada su informaci\u00f3n, a\u00f1adiendo, modificando, corrigiendo o eliminando&nbsp; los contenidos publicados o el dise\u00f1o de la web.&nbsp;<\/p>\n\n\n\n<p>LARS TRISTAN, S.L. no ser\u00e1 responsable del uso que terceros hagan de la informaci\u00f3n publicada en la web, ni tampoco de los da\u00f1os sufridos o p\u00e9rdidas econ\u00f3micas que, de forma directa o indirecta, produzcan o puedan producir perjuicios econ\u00f3micos, materiales o sobre datos, provocados por el uso de dicha informaci\u00f3n.<\/p>\n\n\n\n<h3 class=\"wp-block-heading\"><strong><em>Condiciones de uso del portal para los usuarios<\/em><\/strong><\/h3>\n\n\n\n<p>Queda expresamente prohibido el uso de esta web con fines lesivos sobre bienes o intereses de LARS TRISTAN, S.L. o de terceros o que de cualquier otra forma sobrecarguen, da\u00f1en o inutilicen las redes, servidores y dem\u00e1s equipos inform\u00e1ticos LARS TRISTAN, S.L., o de terceros.<\/p>\n\n\n\n<p>En el caso de que el Usuario tuviera conocimiento de que sitios enlazados remitan a p\u00e1ginas cuyos contenidos o servicios son il\u00edcitos, nocivos, denigrantes, violentos o contrarios a la moral le agradecer\u00edamos nos lo comunicara de forma inmediata.<\/p>\n\n\n\n<h3 class=\"wp-block-heading\"><strong>Ley aplicable&nbsp;<\/strong><\/h3>\n\n\n\n<p>La ley aplicable en caso de disputa o conflicto de interpretaci\u00f3n de los t\u00e9rminos que conforman este aviso legal, as\u00ed como cualquier cuesti\u00f3n relacionada con los servicios del presente portal, ser\u00e1 la ley espa\u00f1ola.<\/p>\n","protected":false},"excerpt":{"rendered":"<p>Este portal, cuyo titular es LARS TRISTAN, S.L., est\u00e1 constituido por los sitios web asociados a los dominios WWW.LARSTRISTAN.COM \/ WWW.TRISTAN-SERVICE.COM Propiedad intelectual e industrial&nbsp; El dise\u00f1o de esta web y sus c\u00f3digos fuente, as\u00ed como los logos, marcas y dem\u00e1s signos distintivos que aparecen en el mismo pertenecen a LARS TRISTAN, S.L. y est\u00e1n [&hellip;]<\/p>\n","protected":false},"author":1,"featured_media":0,"parent":0,"menu_order":0,"comment_status":"closed","ping_status":"closed","template":"","meta":{"footnotes":""},"class_list":["post-3648","page","type-page","status-publish","hentry"],"_links":{"self":[{"href":"https:\/\/www.larstristan.com\/en\/wp-json\/wp\/v2\/pages\/3648","targetHints":{"allow":["GET"]}}],"collection":[{"href":"https:\/\/www.larstristan.com\/en\/wp-json\/wp\/v2\/pages"}],"about":[{"href":"https:\/\/www.larstristan.com\/en\/wp-json\/wp\/v2\/types\/page"}],"author":[{"embeddable":true,"href":"https:\/\/www.larstristan.com\/en\/wp-json\/wp\/v2\/users\/1"}],"replies":[{"embeddable":true,"href":"https:\/\/www.larstristan.com\/en\/wp-json\/wp\/v2\/comments?post=3648"}],"version-history":[{"count":1,"href":"https:\/\/www.larstristan.com\/en\/wp-json\/wp\/v2\/pages\/3648\/revisions"}],"predecessor-version":[{"id":3652,"href":"https:\/\/www.larstristan.com\/en\/wp-json\/wp\/v2\/pages\/3648\/revisions\/3652"}],"wp:attachment":[{"href":"https:\/\/www.larstristan.com\/en\/wp-json\/wp\/v2\/media?parent=3648"}],"curies":[{"name":"wp","href":"https:\/\/api.w.org\/{rel}","templated":true}]}}