{"id":3650,"date":"2020-11-21T07:22:21","date_gmt":"2020-11-21T07:22:21","guid":{"rendered":"https:\/\/www.larstristan.com\/politica-privacidad\/"},"modified":"2022-05-06T10:20:17","modified_gmt":"2022-05-06T10:20:17","slug":"privacy-policy","status":"publish","type":"page","link":"https:\/\/www.larstristan.com\/en\/privacy-policy\/","title":{"rendered":"Privacy policy"},"content":{"rendered":"\n<h2 class=\"wp-block-heading\">Responsable<\/h2>\n\n\n\n<p>LARS TRISTAN, S.L.<br>CIF: B53391579<br>P.I. TORRES, CALLE FORNERS, 1, 03570, VILLAJOYOSA &#8211; ALICANTE<br>E-mail: <a href=\"mailto:camilla@larstristan.com\" target=\"_blank\" rel=\"noreferrer noopener\">camilla@larstristan.com<\/a><br>Tlf: 965892007<\/p>\n\n\n\n<h2 class=\"wp-block-heading\">Qu\u00e9 datos personales recogemos y por qu\u00e9 los recogemos<\/h2>\n\n\n\n<h3 class=\"wp-block-heading\">Finalidad<\/h3>\n\n\n\n<p>Tratamos la informaci\u00f3n que nos facilitan los usuarios con el fin de prestar los servicios que nos soliciten de forma correcta y profesional, y de facilitar a los interesados ofertas de productos y servicios de su inter\u00e9s.<br><br>Podremos contactar con Vd a trav\u00e9s de correo ordinario, llamada telef\u00f3nica y otros medios de comunicaci\u00f3n telem\u00e1ticos: email, sms y servicios de mensajer\u00eda instant\u00e1nea (whatsapp, telegram, line\u2026).<br><br>Los datos personales obtenidos a trav\u00e9s de esta web se conservar\u00e1n mientras sean necesarios para la prestaci\u00f3n de un servicio o consulta realizada por el usuario, y\/o no se solicite su supresi\u00f3n por el interesado.<br><br>Con el fin de poder ofrecerle productos y servicios de acuerdo con sus intereses, y mejorar su experiencia de usuario, elaboraremos un \u201cperfil comercial\u201d, en base a la informaci\u00f3n facilitada. No se tomar\u00e1n decisiones automatizadas en base a dicho perfil.<\/p>\n\n\n\n<h3 class=\"wp-block-heading\">Legitimaci\u00f3n<\/h3>\n\n\n\n<p>La base legal para el tratamiento de sus datos es la solicitud libre e inequ\u00edvoca de los usuarios a trav\u00e9s de nuestros formularios de contacto, y de la aceptaci\u00f3n expresa de este Aviso Legal y Pol\u00edtica de Privacidad.<\/p>\n\n\n\n<h3 class=\"wp-block-heading\"><strong>Destinatarios<\/strong><\/h3>\n\n\n\n<p>A trav\u00e9s de este sitio web no se recaban datos de car\u00e1cter personal de los usuarios sin su conocimiento, ni se ceden a terceros, salvo obligaci\u00f3n legal.<br>\nLos datos que nos facilites a trav\u00e9s de nuestros perfiles en las redes sociales ser\u00e1n comunicados y tratados en servidores que se encuentran en Estados Unidos. Por ello, te informamos de la transferencia internacional de tus datos a este Estado, de conformidad con lo dispuesto por la Directiva 95\/46\/UE y por lo establecido en el art\u00edculo 34 de la Ley Org\u00e1nica 15\/1999, de 13 de diciembre, de Protecci\u00f3n de Datos de Car\u00e1cter Personal.\n<\/p>\n\n\n\n<h3 class=\"wp-block-heading\"><strong>Derechos<\/strong><\/h3>\n\n\n\n<p>Tiene derecho a ejercer los derechos de acceso, rectificaci\u00f3n, supresi\u00f3n y portabilidad de sus datos, as\u00ed como a la limitaci\u00f3n u oposici\u00f3n a su tratamiento Tambi\u00e9n dispone de Derecho a retirar el consentimiento prestado y a reclamar ante la Autoridad de Control.\n<\/p>\n\n\n\n<p>Puede solicitar dichos derechos mediante comunicaci\u00f3n por escrito o a trav\u00e9s de correo electr\u00f3nico ante el Responsable de los ficheros acreditando su identidad<\/p>\n\n\n\n<h3 class=\"wp-block-heading\"><strong>Procedencia<\/strong><\/h3>\n\n\n\n<p>Sus datos proceden siempre de la cumplimentaci\u00f3n por el usuario de nuestros formularios web.<\/p>\n\n\n\n<p>En caso de que en la solicitud se incluyeran datos de car\u00e1cter personal, por personas no titulares de los mismos, el usuario deber\u00e1, con car\u00e1cter previo a su inclusi\u00f3n, informar a dichas personas de los extremos contenidos en esta Pol\u00edtica de Privacidad. Este sitio web no autoriza al env\u00edo de datos, a trav\u00e9s de esta web, de personas menores de 14 a\u00f1os. LARS TRISTAN, S.L. se exime de cualquier responsabilidad por el incumplimiento de estos t\u00e9rminos. Los Usuarios que remitan cualquier tipo de informaci\u00f3n, se comprometen a que la misma sea veraz y que no vulnere derechos de terceros ni la legalidad vigente.<\/p>\n\n\n\n<h3 class=\"wp-block-heading\"><strong>Cookies<\/strong><\/h3>\n\n\n\n<p>Desde WWW.LARSTRISTAN.COM \/ WWW.TRISTAN-SERVICE.COM  deseamos informarte que nuestra p\u00e1gina web utiliza cookies para analizar la navegaci\u00f3n de usuarios.<br>\nLas cookies son unos archivos que se instalan en el equipo desde el que accedes a nuestra web con las finalidades que se describen en esta p\u00e1gina. La aplicaci\u00f3n que utilizamos para obtener y analizar la informaci\u00f3n de la navegaci\u00f3n es:<\/p>\n\n\n\n<p>GOOGLE ANALYTICS:<br>\nEsta aplicaci\u00f3n ha sido desarrollada por Google, que nos presta el servicio de an\u00e1lisis de la audiencia de nuestra p\u00e1gina. Esta empresa puede utilizar estos datos para mejorar sus propios servicios y para ofrecer servicios a otras empresas. Puedes conocer esos otros usos desde los enlaces indicados. <\/p>\n\n\n\n<p>Esta herramienta no obtiene datos de los nombres o apellidos de los usuarios ni de la direcci\u00f3n postal desde donde se conectan. La informaci\u00f3n que obtiene esta relacionada por ejemplo con el n\u00famero de p\u00e1ginas visitas, el idioma, red social en la que se publican nuestras noticias, la ciudad a la que est\u00e1 asignada la direcci\u00f3n IP desde la que acceden los usuarios, el n\u00famero de usuarios que nos visitan, la frecuencia y reincidencia de las visitas, el tiempo de visita, el navegador que usan, el operador o tipo de terminal desde el que se realiza la visita.<\/p>\n\n\n\n<h3 class=\"wp-block-heading\"><strong>Confidencialidad<\/strong><\/h3>\n\n\n\n<p>En cumplimiento de lo previsto por el art\u00edculo 5 de la LOPD, se informa que los datos de car\u00e1cter personal que se recaban directamente del usuario a trav\u00e9s de los distintos recursos disponibles en la web, ser\u00e1n tratados de forma confidencial y quedar\u00e1n incorporados a los respectivos ficheros de los que son responsables las empresas integrantes de LARS TRISTAN, S.L., con las finalidades que se detallan en el Registro General de Protecci\u00f3n de Datos no siendo utilizados para finalidades incompatibles con estas.<\/p>\n","protected":false},"excerpt":{"rendered":"<p>Responsable LARS TRISTAN, S.L.CIF: B53391579P.I. TORRES, CALLE FORNERS, 1, 03570, VILLAJOYOSA &#8211; ALICANTEE-mail: camilla@larstristan.comTlf: 965892007 Qu\u00e9 datos personales recogemos y por qu\u00e9 los recogemos Finalidad Tratamos la informaci\u00f3n que nos facilitan los usuarios con el fin de prestar los servicios que nos soliciten de forma correcta y profesional, y de facilitar a los interesados ofertas [&hellip;]<\/p>\n","protected":false},"author":1,"featured_media":0,"parent":0,"menu_order":0,"comment_status":"closed","ping_status":"open","template":"","meta":{"footnotes":""},"class_list":["post-3650","page","type-page","status-publish","hentry"],"_links":{"self":[{"href":"https:\/\/www.larstristan.com\/en\/wp-json\/wp\/v2\/pages\/3650","targetHints":{"allow":["GET"]}}],"collection":[{"href":"https:\/\/www.larstristan.com\/en\/wp-json\/wp\/v2\/pages"}],"about":[{"href":"https:\/\/www.larstristan.com\/en\/wp-json\/wp\/v2\/types\/page"}],"author":[{"embeddable":true,"href":"https:\/\/www.larstristan.com\/en\/wp-json\/wp\/v2\/users\/1"}],"replies":[{"embeddable":true,"href":"https:\/\/www.larstristan.com\/en\/wp-json\/wp\/v2\/comments?post=3650"}],"version-history":[{"count":1,"href":"https:\/\/www.larstristan.com\/en\/wp-json\/wp\/v2\/pages\/3650\/revisions"}],"predecessor-version":[{"id":3651,"href":"https:\/\/www.larstristan.com\/en\/wp-json\/wp\/v2\/pages\/3650\/revisions\/3651"}],"wp:attachment":[{"href":"https:\/\/www.larstristan.com\/en\/wp-json\/wp\/v2\/media?parent=3650"}],"curies":[{"name":"wp","href":"https:\/\/api.w.org\/{rel}","templated":true}]}}